{"id":13,"date":"2020-07-09T12:13:34","date_gmt":"2020-07-09T10:13:34","guid":{"rendered":"http:\/\/feedexport.com\/?page_id=13"},"modified":"2020-11-06T10:38:12","modified_gmt":"2020-11-06T09:38:12","slug":"construire-des-partenariat-solide-et-durable","status":"publish","type":"page","link":"https:\/\/feedexport.com\/index.php\/construire-des-partenariat-solide-et-durable\/","title":{"rendered":"Our Commitments"},"content":{"rendered":"\n<p><strong>The Freedom to Act and to Entrepreneurship<\/strong> allow us today to Build and engage in solid and sincere partnerships.<\/p>\n\n\n\n<p><strong>Responsiveness and Pragmatism<\/strong> are necessary ingredients to build solutions of services and products which meet the expectations of users in the field.<\/p>\n\n\n\n<p><strong>Trust, Respect for people and regulations<\/strong> guide our development through long-term and reliable cooperation.<\/p>\n\n\n\n<p><strong>Solidarity <\/strong>with our customers and suppliers, to overcome challenges together with <strong>Audacity and Combativeness.<\/strong><\/p>\n\n\n\n<figure class=\"wp-block-gallery columns-6 is-cropped\"><ul class=\"blocks-gallery-grid\"><li class=\"blocks-gallery-item\"><figure><img loading=\"lazy\" width=\"150\" height=\"150\" src=\"http:\/\/feedexport.com\/wp-content\/uploads\/2020\/07\/handshake-4017258_1920-150x150.jpg\" alt=\"\" data-id=\"61\" data-full-url=\"http:\/\/feedexport.com\/wp-content\/uploads\/2020\/07\/handshake-4017258_1920.jpg\" data-link=\"http:\/\/feedexport.com\/index.php\/nos-engagements\/handshake-4017258_1920\/\" class=\"wp-image-61\"\/><\/figure><\/li><li class=\"blocks-gallery-item\"><figure><img loading=\"lazy\" width=\"150\" height=\"150\" src=\"http:\/\/feedexport.com\/wp-content\/uploads\/2020\/07\/basketball-1487993_1920-150x150.jpg\" alt=\"\" data-id=\"62\" data-full-url=\"http:\/\/feedexport.com\/wp-content\/uploads\/2020\/07\/basketball-1487993_1920.jpg\" data-link=\"http:\/\/feedexport.com\/index.php\/nos-engagements\/basketball-1487993_1920\/\" class=\"wp-image-62\"\/><\/figure><\/li><li class=\"blocks-gallery-item\"><figure><img loading=\"lazy\" width=\"150\" height=\"150\" src=\"http:\/\/feedexport.com\/wp-content\/uploads\/2020\/07\/skydiving-658404_1920-150x150.jpg\" alt=\"\" data-id=\"63\" data-full-url=\"http:\/\/feedexport.com\/wp-content\/uploads\/2020\/07\/skydiving-658404_1920.jpg\" data-link=\"http:\/\/feedexport.com\/index.php\/nos-engagements\/skydiving-658404_1920\/\" class=\"wp-image-63\"\/><\/figure><\/li><li class=\"blocks-gallery-item\"><figure><img loading=\"lazy\" width=\"150\" height=\"150\" src=\"http:\/\/feedexport.com\/wp-content\/uploads\/2020\/07\/tandem-skydivers-713708_1920-150x150.jpg\" alt=\"\" data-id=\"64\" data-full-url=\"http:\/\/feedexport.com\/wp-content\/uploads\/2020\/07\/tandem-skydivers-713708_1920.jpg\" data-link=\"http:\/\/feedexport.com\/index.php\/nos-engagements\/tandem-skydivers-713708_1920\/\" class=\"wp-image-64\"\/><\/figure><\/li><li class=\"blocks-gallery-item\"><figure><img loading=\"lazy\" width=\"150\" height=\"150\" src=\"http:\/\/feedexport.com\/wp-content\/uploads\/2020\/07\/teamwork-606818_1920-150x150.jpg\" alt=\"\" data-id=\"65\" data-full-url=\"http:\/\/feedexport.com\/wp-content\/uploads\/2020\/07\/teamwork-606818_1920.jpg\" data-link=\"http:\/\/feedexport.com\/index.php\/nos-engagements\/teamwork-606818_1920\/\" class=\"wp-image-65\"\/><\/figure><\/li><li class=\"blocks-gallery-item\"><figure><img loading=\"lazy\" width=\"150\" height=\"150\" src=\"http:\/\/feedexport.com\/wp-content\/uploads\/2020\/07\/rugby-1310897_1920-150x150.jpg\" alt=\"\" data-id=\"67\" data-full-url=\"http:\/\/feedexport.com\/wp-content\/uploads\/2020\/07\/rugby-1310897_1920.jpg\" data-link=\"http:\/\/feedexport.com\/index.php\/nos-engagements\/rugby-1310897_1920\/\" class=\"wp-image-67\"\/><\/figure><\/li><\/ul><\/figure>\n\n\n\n<p>Visit our websites :<\/p>\n\n\n\n<div class=\"wp-block-image\"><figure class=\"alignleft size-medium is-resized\"><a href=\"http:\/\/uddip.eu\/\"><img loading=\"lazy\" src=\"http:\/\/feedexport.com\/wp-content\/uploads\/2020\/07\/Bandeau-signature2-300x84.png\" alt=\"Uddip: produits de trempage des trayons\" class=\"wp-image-73\" width=\"300\" height=\"84\" title=\"lien ver uddip.eu gamme compl\u00e8te d'hygi\u00e8ne de traite\" srcset=\"https:\/\/feedexport.com\/wp-content\/uploads\/2020\/07\/Bandeau-signature2-300x84.png 300w, https:\/\/feedexport.com\/wp-content\/uploads\/2020\/07\/Bandeau-signature2.png 498w\" sizes=\"(max-width: 300px) 100vw, 300px\" \/><\/a><figcaption>Udder hygiene<\/figcaption><\/figure><\/div>\n\n\n\n<div class=\"wp-block-image\"><figure class=\"alignleft size-medium is-resized\"><a href=\"http:\/\/ubol-bolusforcattle.com\/\"><img loading=\"lazy\" src=\"http:\/\/feedexport.com\/wp-content\/uploads\/2020\/09\/Bandeau-ubol-300x84.png\" alt=\"\" class=\"wp-image-161\" width=\"300\" height=\"84\" srcset=\"https:\/\/feedexport.com\/wp-content\/uploads\/2020\/09\/Bandeau-ubol-300x84.png 300w, https:\/\/feedexport.com\/wp-content\/uploads\/2020\/09\/Bandeau-ubol-1024x285.png 1024w, https:\/\/feedexport.com\/wp-content\/uploads\/2020\/09\/Bandeau-ubol-768x214.png 768w, https:\/\/feedexport.com\/wp-content\/uploads\/2020\/09\/Bandeau-ubol-1536x428.png 1536w, https:\/\/feedexport.com\/wp-content\/uploads\/2020\/09\/Bandeau-ubol-2048x571.png 2048w\" sizes=\"(max-width: 300px) 100vw, 300px\" \/><\/a><figcaption>Bolus for cattle &amp; Sheep<\/figcaption><\/figure><\/div>\n","protected":false},"excerpt":{"rendered":"<p>The Freedom to Act and to Entrepreneurship allow us today to Build and engage in solid and sincere partnerships. Responsiveness and Pragmatism are necessary ingredients to build solutions of services and products which meet the expectations of users in the field. Trust, Respect for people and regulations guide our development [&hellip;]<\/p>\n","protected":false},"author":1,"featured_media":0,"parent":0,"menu_order":0,"comment_status":"closed","ping_status":"closed","template":"","meta":[],"yoast_head":"<!-- This site is optimized with the Yoast SEO plugin v17.0 - https:\/\/yoast.com\/wordpress\/plugins\/seo\/ -->\n<title>FEEDEXPORT approvisionnement sp\u00e9cialit\u00e9s pour l&#039;alimentation animale<\/title>\n<meta name=\"description\" content=\"R\u00e9actif, solidaire FEEDEXPORT s&#039;appuie sur des valeurs solides pour construire des partenariats fiables et durables avec les ses clients et fournisseurs.\" \/>\n<meta name=\"robots\" content=\"index, follow, max-snippet:-1, max-image-preview:large, max-video-preview:-1\" \/>\n<link rel=\"canonical\" href=\"https:\/\/feedexport.com\/index.php\/construire-des-partenariat-solide-et-durable\/\" \/>\n<meta property=\"og:locale\" content=\"fr_FR\" \/>\n<meta property=\"og:type\" content=\"article\" \/>\n<meta property=\"og:title\" content=\"FEEDEXPORT approvisionnement sp\u00e9cialit\u00e9s pour l&#039;alimentation animale\" \/>\n<meta property=\"og:description\" content=\"R\u00e9actif, solidaire FEEDEXPORT s&#039;appuie sur des valeurs solides pour construire des partenariats fiables et durables avec les ses clients et fournisseurs.\" \/>\n<meta property=\"og:url\" content=\"https:\/\/feedexport.com\/index.php\/construire-des-partenariat-solide-et-durable\/\" \/>\n<meta property=\"og:site_name\" content=\"FEEDEXPORT\" \/>\n<meta property=\"article:modified_time\" content=\"2020-11-06T09:38:12+00:00\" \/>\n<meta property=\"og:image\" content=\"http:\/\/feedexport.com\/wp-content\/uploads\/2020\/07\/handshake-4017258_1920-150x150.jpg\" \/>\n<meta name=\"twitter:card\" content=\"summary_large_image\" \/>\n<script type=\"application\/ld+json\" class=\"yoast-schema-graph\">{\"@context\":\"https:\/\/schema.org\",\"@graph\":[{\"@type\":\"Organization\",\"@id\":\"https:\/\/feedexport.com\/#organization\",\"name\":\"FEEDEXPORT\",\"url\":\"https:\/\/feedexport.com\/\",\"sameAs\":[\"https:\/\/www.linkedin.com\/company\/feedexport\/\"],\"logo\":{\"@type\":\"ImageObject\",\"@id\":\"https:\/\/feedexport.com\/#logo\",\"inLanguage\":\"fr-FR\",\"url\":\"http:\/\/feedexport.com\/wp-content\/uploads\/2020\/07\/Logo-FE-V9-HD.png\",\"contentUrl\":\"http:\/\/feedexport.com\/wp-content\/uploads\/2020\/07\/Logo-FE-V9-HD.png\",\"width\":15189,\"height\":3006,\"caption\":\"FEEDEXPORT\"},\"image\":{\"@id\":\"https:\/\/feedexport.com\/#logo\"}},{\"@type\":\"WebSite\",\"@id\":\"https:\/\/feedexport.com\/#website\",\"url\":\"https:\/\/feedexport.com\/\",\"name\":\"FEEDEXPORT\",\"description\":\"Reliable partner for Animal Nutrition, Health and Hygiene\",\"publisher\":{\"@id\":\"https:\/\/feedexport.com\/#organization\"},\"potentialAction\":[{\"@type\":\"SearchAction\",\"target\":{\"@type\":\"EntryPoint\",\"urlTemplate\":\"https:\/\/feedexport.com\/?s={search_term_string}\"},\"query-input\":\"required name=search_term_string\"}],\"inLanguage\":\"fr-FR\"},{\"@type\":\"ImageObject\",\"@id\":\"https:\/\/feedexport.com\/index.php\/construire-des-partenariat-solide-et-durable\/#primaryimage\",\"inLanguage\":\"fr-FR\",\"url\":\"http:\/\/feedexport.com\/wp-content\/uploads\/2020\/07\/handshake-4017258_1920-150x150.jpg\",\"contentUrl\":\"http:\/\/feedexport.com\/wp-content\/uploads\/2020\/07\/handshake-4017258_1920-150x150.jpg\"},{\"@type\":\"WebPage\",\"@id\":\"https:\/\/feedexport.com\/index.php\/construire-des-partenariat-solide-et-durable\/#webpage\",\"url\":\"https:\/\/feedexport.com\/index.php\/construire-des-partenariat-solide-et-durable\/\",\"name\":\"FEEDEXPORT approvisionnement sp\\u00e9cialit\\u00e9s pour l'alimentation animale\",\"isPartOf\":{\"@id\":\"https:\/\/feedexport.com\/#website\"},\"primaryImageOfPage\":{\"@id\":\"https:\/\/feedexport.com\/index.php\/construire-des-partenariat-solide-et-durable\/#primaryimage\"},\"datePublished\":\"2020-07-09T10:13:34+00:00\",\"dateModified\":\"2020-11-06T09:38:12+00:00\",\"description\":\"R\\u00e9actif, solidaire FEEDEXPORT s'appuie sur des valeurs solides pour construire des partenariats fiables et durables avec les ses clients et fournisseurs.\",\"breadcrumb\":{\"@id\":\"https:\/\/feedexport.com\/index.php\/construire-des-partenariat-solide-et-durable\/#breadcrumb\"},\"inLanguage\":\"fr-FR\",\"potentialAction\":[{\"@type\":\"ReadAction\",\"target\":[\"https:\/\/feedexport.com\/index.php\/construire-des-partenariat-solide-et-durable\/\"]}]},{\"@type\":\"BreadcrumbList\",\"@id\":\"https:\/\/feedexport.com\/index.php\/construire-des-partenariat-solide-et-durable\/#breadcrumb\",\"itemListElement\":[{\"@type\":\"ListItem\",\"position\":1,\"name\":\"Accueil\",\"item\":\"https:\/\/feedexport.com\/\"},{\"@type\":\"ListItem\",\"position\":2,\"name\":\"Our Commitments\"}]}]}<\/script>\n<!-- \/ Yoast SEO plugin. -->","yoast_head_json":{"title":"FEEDEXPORT approvisionnement sp\u00e9cialit\u00e9s pour l'alimentation animale","description":"R\u00e9actif, solidaire FEEDEXPORT s'appuie sur des valeurs solides pour construire des partenariats fiables et durables avec les ses clients et fournisseurs.","robots":{"index":"index","follow":"follow","max-snippet":"max-snippet:-1","max-image-preview":"max-image-preview:large","max-video-preview":"max-video-preview:-1"},"canonical":"https:\/\/feedexport.com\/index.php\/construire-des-partenariat-solide-et-durable\/","og_locale":"fr_FR","og_type":"article","og_title":"FEEDEXPORT approvisionnement sp\u00e9cialit\u00e9s pour l'alimentation animale","og_description":"R\u00e9actif, solidaire FEEDEXPORT s'appuie sur des valeurs solides pour construire des partenariats fiables et durables avec les ses clients et fournisseurs.","og_url":"https:\/\/feedexport.com\/index.php\/construire-des-partenariat-solide-et-durable\/","og_site_name":"FEEDEXPORT","article_modified_time":"2020-11-06T09:38:12+00:00","og_image":[{"url":"http:\/\/feedexport.com\/wp-content\/uploads\/2020\/07\/handshake-4017258_1920-150x150.jpg"}],"twitter_card":"summary_large_image","schema":{"@context":"https:\/\/schema.org","@graph":[{"@type":"Organization","@id":"https:\/\/feedexport.com\/#organization","name":"FEEDEXPORT","url":"https:\/\/feedexport.com\/","sameAs":["https:\/\/www.linkedin.com\/company\/feedexport\/"],"logo":{"@type":"ImageObject","@id":"https:\/\/feedexport.com\/#logo","inLanguage":"fr-FR","url":"http:\/\/feedexport.com\/wp-content\/uploads\/2020\/07\/Logo-FE-V9-HD.png","contentUrl":"http:\/\/feedexport.com\/wp-content\/uploads\/2020\/07\/Logo-FE-V9-HD.png","width":15189,"height":3006,"caption":"FEEDEXPORT"},"image":{"@id":"https:\/\/feedexport.com\/#logo"}},{"@type":"WebSite","@id":"https:\/\/feedexport.com\/#website","url":"https:\/\/feedexport.com\/","name":"FEEDEXPORT","description":"Reliable partner for Animal Nutrition, Health and Hygiene","publisher":{"@id":"https:\/\/feedexport.com\/#organization"},"potentialAction":[{"@type":"SearchAction","target":{"@type":"EntryPoint","urlTemplate":"https:\/\/feedexport.com\/?s={search_term_string}"},"query-input":"required name=search_term_string"}],"inLanguage":"fr-FR"},{"@type":"ImageObject","@id":"https:\/\/feedexport.com\/index.php\/construire-des-partenariat-solide-et-durable\/#primaryimage","inLanguage":"fr-FR","url":"http:\/\/feedexport.com\/wp-content\/uploads\/2020\/07\/handshake-4017258_1920-150x150.jpg","contentUrl":"http:\/\/feedexport.com\/wp-content\/uploads\/2020\/07\/handshake-4017258_1920-150x150.jpg"},{"@type":"WebPage","@id":"https:\/\/feedexport.com\/index.php\/construire-des-partenariat-solide-et-durable\/#webpage","url":"https:\/\/feedexport.com\/index.php\/construire-des-partenariat-solide-et-durable\/","name":"FEEDEXPORT approvisionnement sp\u00e9cialit\u00e9s pour l'alimentation animale","isPartOf":{"@id":"https:\/\/feedexport.com\/#website"},"primaryImageOfPage":{"@id":"https:\/\/feedexport.com\/index.php\/construire-des-partenariat-solide-et-durable\/#primaryimage"},"datePublished":"2020-07-09T10:13:34+00:00","dateModified":"2020-11-06T09:38:12+00:00","description":"R\u00e9actif, solidaire FEEDEXPORT s'appuie sur des valeurs solides pour construire des partenariats fiables et durables avec les ses clients et fournisseurs.","breadcrumb":{"@id":"https:\/\/feedexport.com\/index.php\/construire-des-partenariat-solide-et-durable\/#breadcrumb"},"inLanguage":"fr-FR","potentialAction":[{"@type":"ReadAction","target":["https:\/\/feedexport.com\/index.php\/construire-des-partenariat-solide-et-durable\/"]}]},{"@type":"BreadcrumbList","@id":"https:\/\/feedexport.com\/index.php\/construire-des-partenariat-solide-et-durable\/#breadcrumb","itemListElement":[{"@type":"ListItem","position":1,"name":"Accueil","item":"https:\/\/feedexport.com\/"},{"@type":"ListItem","position":2,"name":"Our Commitments"}]}]}},"_links":{"self":[{"href":"https:\/\/feedexport.com\/index.php\/wp-json\/wp\/v2\/pages\/13"}],"collection":[{"href":"https:\/\/feedexport.com\/index.php\/wp-json\/wp\/v2\/pages"}],"about":[{"href":"https:\/\/feedexport.com\/index.php\/wp-json\/wp\/v2\/types\/page"}],"author":[{"embeddable":true,"href":"https:\/\/feedexport.com\/index.php\/wp-json\/wp\/v2\/users\/1"}],"replies":[{"embeddable":true,"href":"https:\/\/feedexport.com\/index.php\/wp-json\/wp\/v2\/comments?post=13"}],"version-history":[{"count":13,"href":"https:\/\/feedexport.com\/index.php\/wp-json\/wp\/v2\/pages\/13\/revisions"}],"predecessor-version":[{"id":206,"href":"https:\/\/feedexport.com\/index.php\/wp-json\/wp\/v2\/pages\/13\/revisions\/206"}],"wp:attachment":[{"href":"https:\/\/feedexport.com\/index.php\/wp-json\/wp\/v2\/media?parent=13"}],"curies":[{"name":"wp","href":"https:\/\/api.w.org\/{rel}","templated":true}]}}