{"id":83,"date":"2020-07-10T11:53:25","date_gmt":"2020-07-10T09:53:25","guid":{"rendered":"http:\/\/feedexport.com\/?page_id=83"},"modified":"2020-09-14T17:03:07","modified_gmt":"2020-09-14T15:03:07","slug":"mentions-legales","status":"publish","type":"page","link":"https:\/\/feedexport.com\/index.php\/mentions-legales\/","title":{"rendered":"MENTIONS LEGALES"},"content":{"rendered":"\n<p>Conform\u00e9ment aux dispositions des articles 6-III et 19 de la Loi n\u00b0 2004-575 du 21 juin 2004 pour la Confiance dans l&rsquo;\u00e9conomie num\u00e9rique, dite L.C.E.N., nous portons \u00e0 la connaissance des utilisateurs et visiteurs du site :&nbsp;<a href=\"http:\/\/www.feedexport.com\/\" target=\"_blank\" rel=\"noreferrer noopener\">www.feedexport.com<\/a>&nbsp;les informations suivantes :<\/p>\n\n\n\n<p><strong>\u00c9DITEUR<\/strong><\/p>\n\n\n\n<p>Le site&nbsp;<a href=\"http:\/\/www.feedexport.com\/\" target=\"_blank\" rel=\"noreferrer noopener\">www.feedexport.com<\/a>&nbsp;est la propri\u00e9t\u00e9 exclusive de&nbsp;<strong>SAS&nbsp;<\/strong><strong>FEEDEXPORT<\/strong>, qui l&rsquo;\u00e9dite.<\/p>\n\n\n\n<p><strong>FEEDEXPORT<\/strong><br><strong>SAS\u00a0<\/strong>au capital de <strong>50 000\u00a0<\/strong>\u20ac T\u00e9l\u00a0 :\u00a0<strong>09 87 46 25 86<\/strong><\/p>\n\n\n\n<p><strong>4 Impasse des Val\u00e9rianes\u00a035890 Laill\u00e9<\/strong><br>Immatricul\u00e9e au Registre du Commerce et des Soci\u00e9t\u00e9s de\u00a0\u00a0<strong>Rennes\u00a0<\/strong>sous le num\u00e9ro <strong>823 151 485 00013<\/strong><\/p>\n\n\n\n<p>Num\u00e9ro TVA intracommunautaire :&nbsp;<strong>FR46 823 151 485<\/strong><br>Adresse de courrier \u00e9lectronique :&nbsp;<strong>contact@feedexport.com<\/strong>&nbsp;<br>&nbsp;<br>Directeur de la&nbsp; publication&nbsp;:&nbsp;<strong>Pascal SAUZEAT<\/strong><br>Contactez le responsable de la publication :&nbsp;<strong>contact@feedexport.com<\/strong><\/p>\n\n\n\n<p><strong>H\u00c9BERGEMENT<\/strong><\/p>\n\n\n\n<p>Le site est h\u00e9berg\u00e9&nbsp;par&nbsp;<strong>OVH 2 rue kellermann 59053 Roubaix<\/strong><br><strong>CREDITS :<\/strong>&nbsp;les mentions l\u00e9gales ont \u00e9t\u00e9s g\u00e9n\u00e9r\u00e9es par&nbsp;<strong><a href=\"https:\/\/www.generer-mentions-legales.com\/\">mentions l\u00e9gales<\/a><\/strong><\/p>\n","protected":false},"excerpt":{"rendered":"<p>Conform\u00e9ment aux dispositions des articles 6-III et 19 de la Loi n\u00b0 2004-575 du 21 juin 2004 pour la Confiance dans l&rsquo;\u00e9conomie num\u00e9rique, dite L.C.E.N., nous portons \u00e0 la connaissance des utilisateurs et visiteurs du site :&nbsp;www.feedexport.com&nbsp;les informations suivantes : \u00c9DITEUR Le site&nbsp;www.feedexport.com&nbsp;est la propri\u00e9t\u00e9 exclusive de&nbsp;SAS&nbsp;FEEDEXPORT, qui l&rsquo;\u00e9dite. FEEDEXPORTSAS\u00a0au [&hellip;]<\/p>\n","protected":false},"author":1,"featured_media":0,"parent":0,"menu_order":0,"comment_status":"closed","ping_status":"closed","template":"","meta":[],"yoast_head":"<!-- This site is optimized with the Yoast SEO plugin v17.0 - https:\/\/yoast.com\/wordpress\/plugins\/seo\/ -->\n<title>MENTIONS LEGALES - FEEDEXPORT<\/title>\n<meta name=\"robots\" content=\"index, follow, max-snippet:-1, max-image-preview:large, max-video-preview:-1\" \/>\n<link rel=\"canonical\" href=\"https:\/\/feedexport.com\/index.php\/mentions-legales\/\" \/>\n<meta property=\"og:locale\" content=\"fr_FR\" \/>\n<meta property=\"og:type\" content=\"article\" \/>\n<meta property=\"og:title\" content=\"MENTIONS LEGALES - FEEDEXPORT\" \/>\n<meta property=\"og:description\" content=\"Conform\u00e9ment aux dispositions des articles 6-III et 19 de la Loi n\u00b0 2004-575 du 21 juin 2004 pour la Confiance dans l&rsquo;\u00e9conomie num\u00e9rique, dite L.C.E.N., nous portons \u00e0 la connaissance des utilisateurs et visiteurs du site :&nbsp;www.feedexport.com&nbsp;les informations suivantes : \u00c9DITEUR Le site&nbsp;www.feedexport.com&nbsp;est la propri\u00e9t\u00e9 exclusive de&nbsp;SAS&nbsp;FEEDEXPORT, qui l&rsquo;\u00e9dite. FEEDEXPORTSAS\u00a0au [&hellip;]\" \/>\n<meta property=\"og:url\" content=\"https:\/\/feedexport.com\/index.php\/mentions-legales\/\" \/>\n<meta property=\"og:site_name\" content=\"FEEDEXPORT\" \/>\n<meta property=\"article:modified_time\" content=\"2020-09-14T15:03:07+00:00\" \/>\n<meta name=\"twitter:card\" content=\"summary_large_image\" \/>\n<meta name=\"twitter:label1\" content=\"Dur\u00e9e de lecture est.\" \/>\n\t<meta name=\"twitter:data1\" content=\"1 minute\" \/>\n<script type=\"application\/ld+json\" class=\"yoast-schema-graph\">{\"@context\":\"https:\/\/schema.org\",\"@graph\":[{\"@type\":\"Organization\",\"@id\":\"https:\/\/feedexport.com\/#organization\",\"name\":\"FEEDEXPORT\",\"url\":\"https:\/\/feedexport.com\/\",\"sameAs\":[\"https:\/\/www.linkedin.com\/company\/feedexport\/\"],\"logo\":{\"@type\":\"ImageObject\",\"@id\":\"https:\/\/feedexport.com\/#logo\",\"inLanguage\":\"fr-FR\",\"url\":\"http:\/\/feedexport.com\/wp-content\/uploads\/2020\/07\/Logo-FE-V9-HD.png\",\"contentUrl\":\"http:\/\/feedexport.com\/wp-content\/uploads\/2020\/07\/Logo-FE-V9-HD.png\",\"width\":15189,\"height\":3006,\"caption\":\"FEEDEXPORT\"},\"image\":{\"@id\":\"https:\/\/feedexport.com\/#logo\"}},{\"@type\":\"WebSite\",\"@id\":\"https:\/\/feedexport.com\/#website\",\"url\":\"https:\/\/feedexport.com\/\",\"name\":\"FEEDEXPORT\",\"description\":\"Reliable partner for Animal Nutrition, Health and Hygiene\",\"publisher\":{\"@id\":\"https:\/\/feedexport.com\/#organization\"},\"potentialAction\":[{\"@type\":\"SearchAction\",\"target\":{\"@type\":\"EntryPoint\",\"urlTemplate\":\"https:\/\/feedexport.com\/?s={search_term_string}\"},\"query-input\":\"required name=search_term_string\"}],\"inLanguage\":\"fr-FR\"},{\"@type\":\"WebPage\",\"@id\":\"https:\/\/feedexport.com\/index.php\/mentions-legales\/#webpage\",\"url\":\"https:\/\/feedexport.com\/index.php\/mentions-legales\/\",\"name\":\"MENTIONS LEGALES - FEEDEXPORT\",\"isPartOf\":{\"@id\":\"https:\/\/feedexport.com\/#website\"},\"datePublished\":\"2020-07-10T09:53:25+00:00\",\"dateModified\":\"2020-09-14T15:03:07+00:00\",\"breadcrumb\":{\"@id\":\"https:\/\/feedexport.com\/index.php\/mentions-legales\/#breadcrumb\"},\"inLanguage\":\"fr-FR\",\"potentialAction\":[{\"@type\":\"ReadAction\",\"target\":[\"https:\/\/feedexport.com\/index.php\/mentions-legales\/\"]}]},{\"@type\":\"BreadcrumbList\",\"@id\":\"https:\/\/feedexport.com\/index.php\/mentions-legales\/#breadcrumb\",\"itemListElement\":[{\"@type\":\"ListItem\",\"position\":1,\"name\":\"Accueil\",\"item\":\"https:\/\/feedexport.com\/\"},{\"@type\":\"ListItem\",\"position\":2,\"name\":\"MENTIONS LEGALES\"}]}]}<\/script>\n<!-- \/ Yoast SEO plugin. -->","yoast_head_json":{"title":"MENTIONS LEGALES - FEEDEXPORT","robots":{"index":"index","follow":"follow","max-snippet":"max-snippet:-1","max-image-preview":"max-image-preview:large","max-video-preview":"max-video-preview:-1"},"canonical":"https:\/\/feedexport.com\/index.php\/mentions-legales\/","og_locale":"fr_FR","og_type":"article","og_title":"MENTIONS LEGALES - FEEDEXPORT","og_description":"Conform\u00e9ment aux dispositions des articles 6-III et 19 de la Loi n\u00b0 2004-575 du 21 juin 2004 pour la Confiance dans l&rsquo;\u00e9conomie num\u00e9rique, dite L.C.E.N., nous portons \u00e0 la connaissance des utilisateurs et visiteurs du site :&nbsp;www.feedexport.com&nbsp;les informations suivantes : \u00c9DITEUR Le site&nbsp;www.feedexport.com&nbsp;est la propri\u00e9t\u00e9 exclusive de&nbsp;SAS&nbsp;FEEDEXPORT, qui l&rsquo;\u00e9dite. FEEDEXPORTSAS\u00a0au [&hellip;]","og_url":"https:\/\/feedexport.com\/index.php\/mentions-legales\/","og_site_name":"FEEDEXPORT","article_modified_time":"2020-09-14T15:03:07+00:00","twitter_card":"summary_large_image","twitter_misc":{"Dur\u00e9e de lecture est.":"1 minute"},"schema":{"@context":"https:\/\/schema.org","@graph":[{"@type":"Organization","@id":"https:\/\/feedexport.com\/#organization","name":"FEEDEXPORT","url":"https:\/\/feedexport.com\/","sameAs":["https:\/\/www.linkedin.com\/company\/feedexport\/"],"logo":{"@type":"ImageObject","@id":"https:\/\/feedexport.com\/#logo","inLanguage":"fr-FR","url":"http:\/\/feedexport.com\/wp-content\/uploads\/2020\/07\/Logo-FE-V9-HD.png","contentUrl":"http:\/\/feedexport.com\/wp-content\/uploads\/2020\/07\/Logo-FE-V9-HD.png","width":15189,"height":3006,"caption":"FEEDEXPORT"},"image":{"@id":"https:\/\/feedexport.com\/#logo"}},{"@type":"WebSite","@id":"https:\/\/feedexport.com\/#website","url":"https:\/\/feedexport.com\/","name":"FEEDEXPORT","description":"Reliable partner for Animal Nutrition, Health and Hygiene","publisher":{"@id":"https:\/\/feedexport.com\/#organization"},"potentialAction":[{"@type":"SearchAction","target":{"@type":"EntryPoint","urlTemplate":"https:\/\/feedexport.com\/?s={search_term_string}"},"query-input":"required name=search_term_string"}],"inLanguage":"fr-FR"},{"@type":"WebPage","@id":"https:\/\/feedexport.com\/index.php\/mentions-legales\/#webpage","url":"https:\/\/feedexport.com\/index.php\/mentions-legales\/","name":"MENTIONS LEGALES - FEEDEXPORT","isPartOf":{"@id":"https:\/\/feedexport.com\/#website"},"datePublished":"2020-07-10T09:53:25+00:00","dateModified":"2020-09-14T15:03:07+00:00","breadcrumb":{"@id":"https:\/\/feedexport.com\/index.php\/mentions-legales\/#breadcrumb"},"inLanguage":"fr-FR","potentialAction":[{"@type":"ReadAction","target":["https:\/\/feedexport.com\/index.php\/mentions-legales\/"]}]},{"@type":"BreadcrumbList","@id":"https:\/\/feedexport.com\/index.php\/mentions-legales\/#breadcrumb","itemListElement":[{"@type":"ListItem","position":1,"name":"Accueil","item":"https:\/\/feedexport.com\/"},{"@type":"ListItem","position":2,"name":"MENTIONS LEGALES"}]}]}},"_links":{"self":[{"href":"https:\/\/feedexport.com\/index.php\/wp-json\/wp\/v2\/pages\/83"}],"collection":[{"href":"https:\/\/feedexport.com\/index.php\/wp-json\/wp\/v2\/pages"}],"about":[{"href":"https:\/\/feedexport.com\/index.php\/wp-json\/wp\/v2\/types\/page"}],"author":[{"embeddable":true,"href":"https:\/\/feedexport.com\/index.php\/wp-json\/wp\/v2\/users\/1"}],"replies":[{"embeddable":true,"href":"https:\/\/feedexport.com\/index.php\/wp-json\/wp\/v2\/comments?post=83"}],"version-history":[{"count":3,"href":"https:\/\/feedexport.com\/index.php\/wp-json\/wp\/v2\/pages\/83\/revisions"}],"predecessor-version":[{"id":178,"href":"https:\/\/feedexport.com\/index.php\/wp-json\/wp\/v2\/pages\/83\/revisions\/178"}],"wp:attachment":[{"href":"https:\/\/feedexport.com\/index.php\/wp-json\/wp\/v2\/media?parent=83"}],"curies":[{"name":"wp","href":"https:\/\/api.w.org\/{rel}","templated":true}]}}